{"id":3,"date":"2024-06-17T12:10:30","date_gmt":"2024-06-17T10:10:30","guid":{"rendered":"https:\/\/elsat.net\/?page_id=3"},"modified":"2025-04-23T15:11:42","modified_gmt":"2025-04-23T13:11:42","slug":"polityka-prywatnosci","status":"publish","type":"page","link":"https:\/\/elsat.net\/?page_id=3","title":{"rendered":"Polityka prywatno\u015bci"},"content":{"rendered":"\n<h2 class=\"wp-block-heading\"><strong class=\"privacy-policy-tutorial\"><\/strong><\/h2>\n\n\n\n<p><strong>1. Inspektor Danych Osobowych (IOD)<\/strong><\/p>\n\n\n\n<p><strong>Administrator&nbsp;&nbsp;danych osobowych.<\/strong><br>Dane osobowe Abonenta s\u0105 przetwarzane przez Administratora, kt\u00f3rym jest: &#8220;Elsat&#8221; sp. z o.o. (KRS: 160462), z siedzib\u0105 w Rudzie \u015al\u0105skiej (41-710) przy ul. J. D\u0105browskiego 35.&nbsp;Podmiot ten ustali\u0142 cele i \u015brodki przetwarzania danych, oferuj\u0105c us\u0142ugi z zakresu telekomunikacji, rozpowszechniania program\u00f3w telewizyjnych oraz \u015bwiadczenia us\u0142ug powi\u0105zanych lub dodatkowych, w tym przez sie\u0107 Internet.<\/p>\n\n\n\n<p><strong>Inspektor Ochrony Danych Osobowych.<\/strong><br>mo\u017cesz skierowa\u0107 dowolne pytania, uwagi lub wnioski dotycz\u0105ce Twoich danych osobowych do naszego Inspektora Ochrony Danych Osobowych na\u00a0adres e-mail:\u00a0\u00a0iod@elsat.pl.<\/p>\n\n\n\n<p><strong>W celu realizacji Twoich uprawnie\u0144, wyra\u017cenia albo cofni\u0119cia zg\u00f3d oraz wnoszenia sprzeciw\u00f3w, udaj si\u0119 do Biura Obs\u0142ugi Klienta lub skorzystaj z poni\u017cszych mo\u017cliwo\u015bci kontaktu.<\/strong><br>adres e-mail:&nbsp;&nbsp;iod@elsat.pl,<br>poczta tradycyjna: Biuro Obs\u0142ugi Klienta D\u0105browskiego 35, 41-710 Ruda \u015al\u0105ska,<br>numer telefonu: 32 440 60 60 (op\u0142ata za po\u0142\u0105czenie zgodna z taryf\u0105 operatora).<\/p>\n\n\n\n<p><strong>2.&nbsp;Profilowanie<\/strong><\/p>\n\n\n\n<p>Twoje dane osobowe mog\u0105 by\u0107 przetwarzane w spos\u00f3b zautomatyzowany w tym r\u00f3wnie\u017c w formie profilowania. Profilowanie polega\u0142o b\u0119dzie na analizie Twoich zachowa\u0144 na naszej stronie i dokonanych przez Ciebie wybor\u00f3w i na tej podstawie ustalenia, czy mo\u017cesz by\u0107 zainteresowany danymi rodzajami ofert lub us\u0142ug oraz oceny skuteczno\u015bci reklamy, rozszerzania informacji na Tw\u00f3j temat, dzi\u0119ki czemu b\u0119dziemy lepiej Ciebie rozumie\u0107, okre\u015bla\u0107 Twoje zainteresowania i przedstawia\u0107 Tobie us\u0142ugi, kt\u00f3re bardziej Ciebie interesuj\u0105 i Tobie odpowiadaj\u0105.<\/p>\n\n\n\n<p>W zwi\u0105zku z profilowaniem przys\u0142uguje Ci prawo niepodlegania profilowaniu, w tym w szczeg\u00f3lno\u015bci prawo do z\u0142o\u017cenia sprzeciwu.<\/p>\n\n\n\n<p><strong>3.&nbsp;Okres przechowywania danych osobowych<\/strong><\/p>\n\n\n\n<p>Twoje dane osobowe b\u0119d\u0105 przechowywany dop\u00f3ty, dop\u00f3ki b\u0119d\u0105 one niezb\u0119dne w celu \u015bwiadczenia Tobie us\u0142ug.&nbsp; Zachowamy r\u00f3wnie\u017c Twoje dane osobowe w celu zgodno\u015bci z przepisami prawa, w celu rozstrzygania spor\u00f3w oraz realizacji naszych um\u00f3w.<\/p>\n\n\n\n<p><strong>4. Procedury ochrony prywatno\u015bci os\u00f3b trzecich<\/strong><\/p>\n\n\n\n<p>Niniejsza Polityka Prywatno\u015bci dotyczy wy\u0142\u0105cznie gromadzenia, przetwarzania i wykorzystywania (w tym ujawniania) informacji zebranych przez nas podczas Twoich kontakt\u00f3w z Witryn\u0105.<br><br><strong>5. W jaki spos\u00f3b zmieni\u0107 ustawienia dot. ciasteczek albo je usun\u0105\u0107?<\/strong><\/p>\n\n\n\n<p>Wi\u0119kszo\u015b\u0107 przegl\u0105darek internetowych jest pocz\u0105tkowo ustawionych na automatyczne przyjmowanie ciasteczek. Mo\u017cesz jednak zmieni\u0107 ustawienia przegl\u0105darki tak, aby ciasteczka by\u0142y blokowane \u2013 w ca\u0142o\u015bci lub w jakiej\u015b cz\u0119\u015bci albo aby ka\u017cdorazowo otrzymywa\u0107 komunikat w momencie kiedy ciasteczka s\u0105 wysy\u0142ane na Twoje urz\u0105dzenie. Pami\u0119taj jednak, \u017ce je\u017celi zablokujesz u\u017cywane przez nas ciasteczka, mo\u017ce to negatywnie wp\u0142yn\u0105\u0107 na wygod\u0119 korzystania ze naszych stron, na przyk\u0142ad mo\u017cesz nie by\u0107 w stanie odwiedzi\u0107 pewnych obszar\u00f3w naszych stron b\u0105d\u017a nie otrzymywa\u0107 spersonalizowanych informacji podczas ich przegl\u0105dania. Uniemo\u017cliwisz nam tak\u017ce zbieranie anonimowych informacji nt. u\u017cywania naszych stron w celu sta\u0142ego poprawiania zawarto\u015bci stron.<\/p>\n\n\n\n<p><strong>6.&nbsp;Spos\u00f3b korzystania &#8220;Elsat&#8221; sp. z o.o. z informacji.<\/strong><\/p>\n\n\n\n<p>Przetwarzamy dane osobowe w nast\u0119puj\u0105cych celach:<\/p>\n\n\n\n<ul>\n<li>prowadzenia, konserwacji i ulepszania Witryny;<\/li>\n\n\n\n<li>kierowania do Ciebie e-mailem spersonalizowanych inicjatyw marketingu bezpo\u015bredniego oraz bezpo\u015brednich ofert marketingowych;<\/li>\n\n\n\n<li>u\u0142atwienia sk\u0142adania i realizacji zam\u00f3wie\u0144, np. na us\u0142ugi,<\/li>\n\n\n\n<li>ustalenia, czy mo\u017cesz by\u0107 zainteresowany danymi rodzajami ofert lub us\u0142ug oraz oceny skuteczno\u015bci reklamy;<\/li>\n\n\n\n<li>udzielania odpowiedzi i rozpatrywania Twoich wniosk\u00f3w;<\/li>\n\n\n\n<li>ustalenia i analizowania indywidualnych i grupowych profili i zachowa\u0144 klient\u00f3w;<\/li>\n\n\n\n<li>komunikowania si\u0119 i przekazywania dodatkowych mog\u0105cych Ciebie zainteresowa\u0107 informacji;<\/li>\n\n\n\n<li>wysy\u0142ania do Ciebie przypomnie\u0144, powiadomie\u0144 natury technicznej, aktualizacji, alarm\u00f3w bezpiecze\u0144stwa, wiadomo\u015bci serwisowych i od administratora, wiadomo\u015bci marketingowych;<\/li>\n\n\n\n<li>zarz\u0105dzania naszymi dzia\u0142aniami takimi, jak administrowanie Witryny, realizacja zam\u00f3wie\u0144, analityka, zapobieganie nadu\u017cyciom handlowym, wykonywanie obowi\u0105zk\u00f3w informacyjnych sp\u00f3\u0142ki oraz egzekwowanie Warunk\u00f3w Korzystania czy te\u017c zapewnienie zgodno\u015bci z prawem;<\/li>\n\n\n\n<li>wywi\u0105zywania si\u0119 z naszych obowi\u0105zk\u00f3w prawnych, rozstrzygania spor\u00f3w i egzekwowania um\u00f3w;<\/li>\n\n\n\n<li>umo\u017cliwienia Tobie ubiegania si\u0119 o prac\u0119;<\/li>\n\n\n\n<li>rozszerzania informacji na Tw\u00f3j temat, dzi\u0119ki czemu b\u0119dziemy lepiej Ciebie rozumie\u0107, okre\u015bla\u0107 Twoje zainteresowania i przedstawia\u0107 Tobie us\u0142ugi, kt\u00f3re bardziej Ciebie interesuj\u0105 i Tobie odpowiadaj\u0105.<\/li>\n<\/ul>\n\n\n\n<p><strong>7.&nbsp;Prawa dotycz\u0105ce danych osobowych<\/strong><\/p>\n\n\n\n<p>Umo\u017cliwiamy dost\u0119p do aktualizacji, korekty oraz usuwania Twoich danych osobowych poprzez wys\u0142anie nam wiadomo\u015bci e-mail na adres: bok@elsat.pl. Bie\u017c\u0105ce aktualizowanie przez Ciebie danych osobowych pomo\u017ce nam w dostosowaniu si\u0119 do Twoich preferencji i oferowaniu interesuj\u0105cych Ciebie us\u0142ug.<\/p>\n\n\n\n<p>Zgodnie z obowi\u0105zuj\u0105cymi przepisami, masz prawo:<\/p>\n\n\n\n<p>\u017c\u0105da\u0107 dost\u0119pu do Twoich wszelkich danych osobowych znajduj\u0105cych si\u0119 w naszym posiadaniu oraz uzyskania od nas informacji odno\u015bnie sposobu ich przetwarzania,<br>\u017c\u0105da\u0107 aktualizacji Twoich danych osobowych \u2013 ich sprostowania, o ile s\u0105 nieprawid\u0142owe, a tak\u017ce prawo \u017c\u0105dania uzupe\u0142nienia danych, gdy s\u0105 one niekompletne,<br>\u017c\u0105da\u0107 ograniczenia Twoich danych przetwarzanych przez nas,<br>\u017c\u0105da\u0107 uzyskania kopii swoich danych,<br>otrzyma\u0107 od nas w \u00a0powszechnie u\u017cywanym formacie Twoje dane osobowe, kt\u00f3re znajduj\u0105 si\u0119 w naszym posiadaniu oraz prawo przes\u0142a\u0107 te dane innemu administratorowi danych. Dodatkowo, o ile b\u0119dzie to technicznie mo\u017cliwe, masz prawo \u017c\u0105da\u0107 by Twoje dane osobowe zosta\u0142y przes\u0142ane przez nas bezpo\u015brednio do innego administratora,<br>\u017c\u0105da\u0107 usuni\u0119cia Twoich danych przez nas w przypadku gdy dane nie s\u0105 ju\u017c niezb\u0119dne do cel\u00f3w, w kt\u00f3rych zosta\u0142y zebrane lub gdy przetwarzanie tych danych opiera\u0142o si\u0119 na zgodzie, a zgoda ta zosta\u0142a przez Ciebie cofni\u0119ta lub gdy dane osobowe by\u0142y przetwarzane niezgodnie z prawem,<br>cofni\u0119cia w dowolnym momencie udzielonej zgody, o ile udziela\u0142e\u015b nam zgody na przetwarzanie Twoich danych osobowych. Cofniecie przez Ciebie zgody pozostaje bez wp\u0142ywu na zgodno\u015b\u0107 z prawem przetwarzania, kt\u00f3rego dokonano na podstawie zgody przed jej cofni\u0119ciem,<br>wniesienia sprzeciwu na przetwarzanie Twoich danych osobowych poprzez kontakt z nami pod adresem: bok@elsat.pl. Lub drog\u0105 listown\u0105 na nast\u0119puj\u0105cy adres:<br>wniesienia skargi do Prezesa Urz\u0119du Ochrony Danych Osobowych gdy uzna Pani\/Pan, i\u017c przetwarzanie danych osobowych Pani\/Pana dotycz\u0105cych narusza przepisy og\u00f3lnego rozporz\u0105dzenia o ochronie danych osobowych z dnia 27 kwietnia 2016 r.<br>W przypadku jakichkolwiek pyta\u0144 czy uwag co do naszych procedur ochrony prywatno\u015bci czy niniejszej Polityki Prywatno\u015bci lub w razie ch\u0119ci skorzystania ze swoich praw wymienionych powy\u017cej czy innych praw, jakie Tobie mog\u0105 przys\u0142ugiwa\u0107 w zwi\u0105zku z Twoimi danymi osobowymi, lub je\u017celi masz inne pytania czy wnioski, prosimy o kontakt pod adresem: bok@elsat.pl. Mo\u017cesz skontaktowa\u0107 si\u0119 z nami r\u00f3wnie\u017c drog\u0105 listown\u0105 na nast\u0119puj\u0105cy adres:\u00a0 &#8220;Elsat&#8221; sp. z o. o., ul. D\u0105browskiego 35, 41-710 Ruda \u015al\u0105ska. W razie pyta\u0144 mo\u017cesz r\u00f3wnie\u017c skontaktowa\u0107 si\u0119 z naszym Inspektorem Ochrony Danych:\u00a0iod@elsat.pl.<\/p>\n\n\n\n<p><strong>8.&nbsp;Wybory jakich dokonujesz<\/strong><\/p>\n\n\n\n<p>Mo\u017cesz decydowa\u0107, jakie rodzaje danych osobowych nam przekazuj\u0105 oraz ogranicza\u0107, w jaki spos\u00f3b mo\u017cemy si\u0119 z Tob\u0105 komunikowa\u0107; jednocze\u015bnie uwa\u017camy, i\u017c im wi\u0119cej powiesz nam o swoich preferencjach, tym ciekawsza i bardziej dopasowana do Twoich gust\u00f3w b\u0119dzie Witryna wraz z ofert\u0105 us\u0142ug.<\/p>\n\n\n\n<p>Mo\u017cesz zdecydowa\u0107, jak Twoja przegl\u0105darka reaguje na pliki cookie. Mo\u017cesz r\u00f3wnie\u017c zarz\u0105dza\u0107 sposobami udost\u0119pniania nam informacji przez Twoje urz\u0105dzenie mobilne lub mobiln\u0105 przegl\u0105dark\u0119, a tak\u017ce sposobem reagowania tej mobilnej przegl\u0105darki na pliki cookie.<\/p>\n\n\n\n<p>Takie same mo\u017cliwo\u015bci s\u0105 dost\u0119pne, gdy dzielisz si\u0119 z nami niekt\u00f3rymi danymi osobowymi, \u0142\u0105cz\u0105c si\u0119 z nami poprzez platformy lub aplikacje spo\u0142eczno\u015bciowe. Informacje na temat sposob\u00f3w dostosowywania zezwole\u0144 i zarz\u0105dzania kontaktami pomi\u0119dzy nami a Twoim kontem na portalu spo\u0142eczno\u015bciowym lub Twoim urz\u0105dzeniem mobilnym zawarte s\u0105 w polityce prywatno\u015bci i ustawieniach witryny portalu spo\u0142eczno\u015bciowego lub aplikacji spo\u0142eczno\u015bciowej.<\/p>\n\n\n\n<p><strong>9.&nbsp;Ujawnianie informacji przez &#8220;Elsat&#8221; sp. z o.o.<\/strong><\/p>\n\n\n\n<p>Nie zajmujemy si\u0119 sprzeda\u017c\u0105 czy te\u017c u\u017cyczaniem danych osobowych. Twoja dane osobowe nie b\u0119d\u0105 udost\u0119pniane chyba, \u017ce b\u0119dzie to wymagane lub dozwolone prawem, tzn.:<\/p>\n\n\n\n<ul>\n<li>w celu zg\u0142oszenia lub windykacji nale\u017cno\u015bci;<\/li>\n\n\n\n<li>w przypadku fuzji, przej\u0119cia lub reorganizacji \u2013 udost\u0119pnianie danych nabywcy naszej sp\u00f3\u0142ki lub nabywcy wszystkich naszych aktyw\u00f3w, albo znacznej ich cz\u0119\u015bci;<\/li>\n\n\n\n<li>w celu dostosowania si\u0119 do nakaz\u00f3w i wymog\u00f3w organ\u00f3w rz\u0105dowych lub w celu udzielania wsparcia<\/li>\n\n\n\n<li>w obszarze audytu, zapewnienia zgodno\u015bci oraz \u0142adu korporacyjnego;<\/li>\n\n\n\n<li>w celu zwalczania nadu\u017cy\u0107 gospodarczych i dzia\u0142alno\u015bci przest\u0119pczej oraz w celu ochrony naszych praw oraz praw naszych podmiot\u00f3w stowarzyszonych, partner\u00f3w biznesowych i u\u017cytkownik\u00f3w; lub w ramach post\u0119powania dotycz\u0105cego &#8220;Elsat&#8221; sp. z o.o.<\/li>\n\n\n\n<li>w odpowiedzi na wezwanie lub w ramach innego, podobnego procesu, w tym w odpowiedzi na wezwanie organ\u00f3w \u015bcigania, administracji czy s\u0105d\u00f3w.<\/li>\n<\/ul>\n\n\n\n<p><strong>10.&nbsp;Jak &#8220;Elsat&#8221; sp. z o.o. zbiera informacje<\/strong><\/p>\n\n\n\n<p>Dane osobowe przekazujesz nam przy okazji wype\u0142nienia formularza zam\u00f3wienia, aktywnego kontaktu lub komunikowania si\u0119 z nami. Na przyk\u0142ad dane osobowe przekazujesz nam, gdy kontaktujesz si\u0119 z nami online<br>w celu uzyskania obs\u0142ugi klienta lub uzyskania innej pomocy&nbsp; przy u\u017cyciu narz\u0119dzi do samodzielnej pomocy, to jest wysy\u0142aj\u0105c e-maila, wiadomo\u015b\u0107 tekstow\u0105 lub wymieniaj\u0105c si\u0119 komentarzami w ramach spo\u0142eczno\u015bci internetowych.<br>Ponadto dane osobowe przekazujesz nam wchodz\u0105c w interakcje z Witryn\u0105 przy pomocy plik\u00f3w cookie lub innych technologii.<\/p>\n\n\n\n<p><strong>11.&nbsp;Polityka ws. cookies<\/strong><\/p>\n\n\n\n<p>Niniejsza Polityka dotycz\u0105ca Ciasteczek odnosi si\u0119 do wszystkich stron internetowych oraz aplikacji na urz\u0105dzenia mobilne, nale\u017c\u0105cych do &#8220;Elsat&#8221; sp. z o. o., ul. D\u0105browskiego 35, 41-710 Ruda \u015al\u0105ska (\u201eElsat\u201d, \u201emy\u201d, \u201enasz\u201d, \u201enam\u201d). Przez u\u017cywanie naszych stron wyra\u017casz zgod\u0119 na u\u017cywanie ciasteczek zgodnie z t\u0105 Polityk\u0105 prywatno\u015bci. Je\u017celi nie zgadzasz na u\u017cywanie przez nas ciasteczek, prosz\u0119 zmieni\u0107 ustawienia swojej przegl\u0105darki w odpowiedni spos\u00f3b lub zrezygnowa\u0107 z u\u017cywania naszych stron.<\/p>\n\n\n\n<p><strong>12.&nbsp;Co to s\u0105 ciasteczka?<\/strong><\/p>\n\n\n\n<p>Ciasteczka (ang. cookies) to niewielkie pliki, zapisywane i przechowywane na Twoim komputerze, tablecie lub smartfonie podczas gdy odwiedzasz r\u00f3\u017cne strony w internecie. Ciasteczko zazwyczaj zawiera nazw\u0119 strony internetowej, z kt\u00f3rej pochodzi, \u201ed\u0142ugo\u015b\u0107 \u017cycia\u201d ciasteczka (to znaczy czas jego istnienia), oraz przypadkowo wygenerowany unikalny numer s\u0142u\u017c\u0105cy do identyfikacji przegl\u0105darki, z jakiej nast\u0119puje po\u0142\u0105czenie ze stron\u0105 internetow\u0105.<\/p>\n\n\n\n<p><strong>13.&nbsp;Do czego u\u017cywamy ciasteczek?<\/strong><\/p>\n\n\n\n<p>Elsat u\u017cywa ciasteczek w r\u00f3\u017cnych celach:<\/p>\n\n\n\n<ul>\n<li>by nasze strony dzia\u0142a\u0142y szybciej i by\u0142y \u0142atwiejsze w u\u017cyciu,<\/li>\n\n\n\n<li>aby lepiej dopasowa\u0107 tre\u015bci i reklamy dost\u0119pne na naszych stronach doTwoich oczekiwa\u0144 i zainteresowa\u0144,<\/li>\n\n\n\n<li>do zbierania anonimowych, zagregowanych statystyk, kt\u00f3re pozwalaj\u0105 nam zrozumie\u0107 jak ludzie u\u017cywaj\u0105 naszych stron i pomagaj\u0105 w poprawianiu ich funkcjonalno\u015bci i zawarto\u015bci.<\/li>\n<\/ul>\n\n\n\n<p>U\u017cywaj\u0105c ciasteczek w wy\u017cej opisany spos\u00f3b nigdy nie identyfikujemy to\u017csamo\u015bci u\u017cytkownik\u00f3w na podstawie informacji przechowywanych w ciasteczkach.<\/p>\n\n\n\n<p><strong>14.&nbsp;Jak d\u0142ugo przechowywane s\u0105 dane w ciasteczkach?<\/strong><\/p>\n\n\n\n<p>Na naszych stronach mog\u0105 by\u0107 u\u017cywane dwa rodzaje ciasteczek \u2013 sesyjne oraz sta\u0142e. Te pierwsze pozostaj\u0105 na Twoim urz\u0105dzeniu jedynie podczas korzystania z naszych stron. Ciasteczka sta\u0142e pozostaj\u0105 na Twoim urz\u0105dzeniu tak d\u0142ugo jak d\u0142ugo maj\u0105 ustawiony czas \u017cycia lub do momentu kiedy je usuniesz.<\/p>\n\n\n\n<p><strong>15.&nbsp;Gromadzenie danych<\/strong><\/p>\n\n\n\n<p>Gdy kontaktujesz si\u0119 z nami za po\u015brednictwem Witryny, gromadzimy nast\u0119puj\u0105ce Twoje dane:<\/p>\n\n\n\n<ul>\n<li>dane personalne: imi\u0119 i nazwisko, adres zamieszkania, numer telefonu, adres poczty elektronicznej;<\/li>\n\n\n\n<li>inne informacje aktywnie przez Ciebie wys\u0142ane (np. poczt\u0105 elektroniczn\u0105).<\/li>\n<\/ul>\n\n\n\n<p>Do kontaktu mi\u0119dzy nami dochodzi np. w chwili:<\/p>\n\n\n\n<ul>\n<li>przes\u0142ania formularza zam\u00f3wienia;<\/li>\n\n\n\n<li>przes\u0142ania, otwarcia lub udzielenia odpowiedzi na e-mail;<\/li>\n\n\n\n<li>wej\u015bcia przez Ciebie na jak\u0105kolwiek stron\u0119 internetow\u0105, na kt\u00f3rej wy\u015bwietlaj\u0105 si\u0119 nasze us\u0142ugi lub tre\u015bci;<\/li>\n\n\n\n<li>po\u0142\u0105czenia lub zamieszczenia linku do Witryny za pomoc\u0105 narz\u0119dzi portali spo\u0142eczno\u015bciowych;<\/li>\n\n\n\n<li>zamieszczenia komentarza w sekcjach spo\u0142eczno\u015bciowych Witryny.<\/li>\n<\/ul>\n","protected":false},"excerpt":{"rendered":"<p>1. Inspektor Danych Osobowych (IOD) Administrator&nbsp;&nbsp;danych osobowych.Dane osobowe Abonenta s\u0105 przetwarzane przez Administratora, kt\u00f3rym jest: &#8220;Elsat&#8221; sp. z o.o. (KRS: 160462), z siedzib\u0105 w Rudzie \u015al\u0105skiej (41-710) przy ul. J. D\u0105browskiego 35.&nbsp;Podmiot ten ustali\u0142 cele i \u015brodki przetwarzania danych, oferuj\u0105c us\u0142ugi z zakresu telekomunikacji, rozpowszechniania program\u00f3w telewizyjnych oraz \u015bwiadczenia us\u0142ug powi\u0105zanych lub dodatkowych, w tym [&hellip;]<\/p>\n","protected":false},"author":1,"featured_media":0,"parent":0,"menu_order":0,"comment_status":"closed","ping_status":"open","template":"","meta":{"footnotes":""},"_links":{"self":[{"href":"https:\/\/elsat.net\/index.php?rest_route=\/wp\/v2\/pages\/3"}],"collection":[{"href":"https:\/\/elsat.net\/index.php?rest_route=\/wp\/v2\/pages"}],"about":[{"href":"https:\/\/elsat.net\/index.php?rest_route=\/wp\/v2\/types\/page"}],"author":[{"embeddable":true,"href":"https:\/\/elsat.net\/index.php?rest_route=\/wp\/v2\/users\/1"}],"replies":[{"embeddable":true,"href":"https:\/\/elsat.net\/index.php?rest_route=%2Fwp%2Fv2%2Fcomments&post=3"}],"version-history":[{"count":3,"href":"https:\/\/elsat.net\/index.php?rest_route=\/wp\/v2\/pages\/3\/revisions"}],"predecessor-version":[{"id":40,"href":"https:\/\/elsat.net\/index.php?rest_route=\/wp\/v2\/pages\/3\/revisions\/40"}],"wp:attachment":[{"href":"https:\/\/elsat.net\/index.php?rest_route=%2Fwp%2Fv2%2Fmedia&parent=3"}],"curies":[{"name":"wp","href":"https:\/\/api.w.org\/{rel}","templated":true}]}}